{"id":918,"date":"2021-07-24T14:54:50","date_gmt":"2021-07-24T14:54:50","guid":{"rendered":"https:\/\/impm-cm.org\/?page_id=918"},"modified":"2021-08-26T12:38:18","modified_gmt":"2021-08-26T12:38:18","slug":"services-du-siege","status":"publish","type":"page","link":"https:\/\/impm-cm.org\/index.php\/a-propos\/services-du-siege\/","title":{"rendered":"Services du si\u00e8ge"},"content":{"rendered":"\t\t<div data-elementor-type=\"wp-page\" data-elementor-id=\"918\" class=\"elementor elementor-918\">\n\t\t\t\t\t\t<section class=\"elementor-section elementor-top-section elementor-element elementor-element-e7f00b8 elementor-section-full_width elementor-section-height-min-height elementor-section-items-bottom elementor-section-height-default exad-glass-effect-no exad-sticky-section-no\" data-id=\"e7f00b8\" data-element_type=\"section\" data-e-type=\"section\" data-settings=\"{&quot;background_background&quot;:&quot;classic&quot;}\">\n\t\t\t\t\t\t<div class=\"elementor-container elementor-column-gap-default\">\n\t\t\t\t\t<div class=\"elementor-column elementor-col-100 elementor-top-column elementor-element elementor-element-fe62a25 exad-glass-effect-no exad-sticky-section-no\" data-id=\"fe62a25\" data-element_type=\"column\" data-e-type=\"column\">\n\t\t\t<div class=\"elementor-widget-wrap\">\n\t\t\t\t\t\t\t<\/div>\n\t\t<\/div>\n\t\t\t\t\t<\/div>\n\t\t<\/section>\n\t\t\t\t<section class=\"elementor-section elementor-top-section elementor-element elementor-element-3d0eccf elementor-section-boxed elementor-section-height-default elementor-section-height-default exad-glass-effect-no exad-sticky-section-no\" data-id=\"3d0eccf\" data-element_type=\"section\" data-e-type=\"section\">\n\t\t\t\t\t\t<div class=\"elementor-container elementor-column-gap-default\">\n\t\t\t\t\t<div class=\"elementor-column elementor-col-100 elementor-top-column elementor-element elementor-element-99b28ba exad-glass-effect-no exad-sticky-section-no\" data-id=\"99b28ba\" data-element_type=\"column\" data-e-type=\"column\">\n\t\t\t<div class=\"elementor-widget-wrap elementor-element-populated\">\n\t\t\t\t\t\t<div class=\"elementor-element elementor-element-65ef966 exad-sticky-section-no exad-glass-effect-no elementor-widget elementor-widget-heading\" data-id=\"65ef966\" data-element_type=\"widget\" data-e-type=\"widget\" data-widget_type=\"heading.default\">\n\t\t\t\t<div class=\"elementor-widget-container\">\n\t\t\t\t\t<h1 class=\"elementor-heading-title elementor-size-default\">Les services du si\u00e8ge<\/h1>\t\t\t\t<\/div>\n\t\t\t\t<\/div>\n\t\t\t\t\t<\/div>\n\t\t<\/div>\n\t\t\t\t\t<\/div>\n\t\t<\/section>\n\t\t\t\t<section class=\"elementor-section elementor-top-section elementor-element elementor-element-61836c9 elementor-section-boxed elementor-section-height-default elementor-section-height-default exad-glass-effect-no exad-sticky-section-no\" data-id=\"61836c9\" data-element_type=\"section\" data-e-type=\"section\">\n\t\t\t\t\t\t<div class=\"elementor-container elementor-column-gap-default\">\n\t\t\t\t\t<div class=\"elementor-column elementor-col-100 elementor-top-column elementor-element elementor-element-fdfb1ad exad-glass-effect-no exad-sticky-section-no\" data-id=\"fdfb1ad\" data-element_type=\"column\" data-e-type=\"column\">\n\t\t\t<div class=\"elementor-widget-wrap elementor-element-populated\">\n\t\t\t\t\t\t<div class=\"elementor-element elementor-element-415abdb exad-sticky-section-no exad-glass-effect-no elementor-widget elementor-widget-accordion\" data-id=\"415abdb\" data-element_type=\"widget\" data-e-type=\"widget\" data-widget_type=\"accordion.default\">\n\t\t\t\t<div class=\"elementor-widget-container\">\n\t\t\t\t\t\t\t<div class=\"elementor-accordion\">\n\t\t\t\t\t\t\t<div class=\"elementor-accordion-item\">\n\t\t\t\t\t<div id=\"elementor-tab-title-6851\" class=\"elementor-tab-title\" data-tab=\"1\" role=\"button\" aria-controls=\"elementor-tab-content-6851\" aria-expanded=\"false\">\n\t\t\t\t\t\t\t\t\t\t\t\t\t<span class=\"elementor-accordion-icon elementor-accordion-icon-left\" aria-hidden=\"true\">\n\t\t\t\t\t\t\t\t\t\t\t\t\t\t\t<span class=\"elementor-accordion-icon-closed\"><svg class=\"e-font-icon-svg e-fas-caret-square-down\" viewBox=\"0 0 448 512\" xmlns=\"http:\/\/www.w3.org\/2000\/svg\"><path d=\"M448 80v352c0 26.5-21.5 48-48 48H48c-26.5 0-48-21.5-48-48V80c0-26.5 21.5-48 48-48h352c26.5 0 48 21.5 48 48zM92.5 220.5l123 123c4.7 4.7 12.3 4.7 17 0l123-123c7.6-7.6 2.2-20.5-8.5-20.5H101c-10.7 0-16.1 12.9-8.5 20.5z\"><\/path><\/svg><\/span>\n\t\t\t\t\t\t\t\t<span class=\"elementor-accordion-icon-opened\"><svg class=\"e-font-icon-svg e-fas-minus\" viewBox=\"0 0 448 512\" xmlns=\"http:\/\/www.w3.org\/2000\/svg\"><path d=\"M416 208H32c-17.67 0-32 14.33-32 32v32c0 17.67 14.33 32 32 32h384c17.67 0 32-14.33 32-32v-32c0-17.67-14.33-32-32-32z\"><\/path><\/svg><\/span>\n\t\t\t\t\t\t\t\t\t\t\t\t\t\t<\/span>\n\t\t\t\t\t\t\t\t\t\t\t\t<a class=\"elementor-accordion-title\" tabindex=\"0\">La direction de la recherche, de la valorisation et de l\u2019innovation<\/a>\n\t\t\t\t\t<\/div>\n\t\t\t\t\t<div id=\"elementor-tab-content-6851\" class=\"elementor-tab-content elementor-clearfix\" data-tab=\"1\" role=\"region\" aria-labelledby=\"elementor-tab-title-6851\"><div id=\"ez-toc-container\" class=\"ez-toc-v2_0_82_2 ez-toc-wrap-left counter-hierarchy ez-toc-counter ez-toc-grey ez-toc-container-direction\">\n<p class=\"ez-toc-title\" style=\"cursor:inherit\">Sommaire<\/p>\n<label for=\"ez-toc-cssicon-toggle-item-69d97fc7db147\" class=\"ez-toc-cssicon-toggle-label\"><span class=\"\"><span class=\"eztoc-hide\" style=\"display:none;\">Toggle<\/span><span class=\"ez-toc-icon-toggle-span\"><svg style=\"fill: #999;color:#999\" xmlns=\"http:\/\/www.w3.org\/2000\/svg\" class=\"list-377408\" width=\"20px\" height=\"20px\" viewBox=\"0 0 24 24\" fill=\"none\"><path d=\"M6 6H4v2h2V6zm14 0H8v2h12V6zM4 11h2v2H4v-2zm16 0H8v2h12v-2zM4 16h2v2H4v-2zm16 0H8v2h12v-2z\" fill=\"currentColor\"><\/path><\/svg><svg style=\"fill: #999;color:#999\" class=\"arrow-unsorted-368013\" xmlns=\"http:\/\/www.w3.org\/2000\/svg\" width=\"10px\" height=\"10px\" viewBox=\"0 0 24 24\" version=\"1.2\" baseProfile=\"tiny\"><path d=\"M18.2 9.3l-6.2-6.3-6.2 6.3c-.2.2-.3.4-.3.7s.1.5.3.7c.2.2.4.3.7.3h11c.3 0 .5-.1.7-.3.2-.2.3-.5.3-.7s-.1-.5-.3-.7zM5.8 14.7l6.2 6.3 6.2-6.3c.2-.2.3-.5.3-.7s-.1-.5-.3-.7c-.2-.2-.4-.3-.7-.3h-11c-.3 0-.5.1-.7.3-.2.2-.3.5-.3.7s.1.5.3.7z\"\/><\/svg><\/span><\/span><\/label><input type=\"checkbox\"  id=\"ez-toc-cssicon-toggle-item-69d97fc7db147\"  aria-label=\"Toggle\" \/><nav><ul class='ez-toc-list ez-toc-list-level-1 ' ><li class='ez-toc-page-1 ez-toc-heading-level-4'><a class=\"ez-toc-link ez-toc-heading-1\" href=\"https:\/\/impm-cm.org\/index.php\/a-propos\/services-du-siege\/#La_sous-direction_du_developpement_et_de_lexecution_des_programmes_de_recherche\" >La sous-direction du d\u00e9veloppement et de l\u2019ex\u00e9cution des programmes de recherche\u00a0<\/a><\/li><li class='ez-toc-page-1 ez-toc-heading-level-4'><a class=\"ez-toc-link ez-toc-heading-2\" href=\"https:\/\/impm-cm.org\/index.php\/a-propos\/services-du-siege\/#La_sous-direction_de_la_vulgarisation_et_de_la_valorisation_des_resultats_de_la_recherche\" >La sous-direction de la vulgarisation et de la valorisation des r\u00e9sultats de la recherche\u00a0<\/a><\/li><li class='ez-toc-page-1 ez-toc-heading-level-4'><a class=\"ez-toc-link ez-toc-heading-3\" href=\"https:\/\/impm-cm.org\/index.php\/a-propos\/services-du-siege\/#La_sous-direction_des_innovations_technologiques_des_partenariats_et_de_la_gestion_des_fonds_exterieurs_%C2%AB_Grants_office_%C2%BB_de_la_recherche\" >La sous-direction des innovations technologiques, des partenariats et de la gestion des fonds ext\u00e9rieurs (\u00ab Grants office\u00a0\u00bb) de la recherche<\/a><\/li><li class='ez-toc-page-1 ez-toc-heading-level-4'><a class=\"ez-toc-link ez-toc-heading-4\" href=\"https:\/\/impm-cm.org\/index.php\/a-propos\/services-du-siege\/#La_sous-direction_des_ressources_humaines\" >La sous-direction des ressources humaines\u00a0<\/a><\/li><li class='ez-toc-page-1 ez-toc-heading-level-4'><a class=\"ez-toc-link ez-toc-heading-5\" href=\"https:\/\/impm-cm.org\/index.php\/a-propos\/services-du-siege\/#La_sous-direction_des_ressources_financieres_et_materielles\" >La sous-direction des ressources financi\u00e8res et mat\u00e9rielles<\/a><\/li><\/ul><\/nav><\/div>\n<h4><span class=\"ez-toc-section\" id=\"La_sous-direction_du_developpement_et_de_lexecution_des_programmes_de_recherche\"><\/span>La sous-direction du d\u00e9veloppement et de l\u2019ex\u00e9cution des programmes de recherche\u00a0<span class=\"ez-toc-section-end\"><\/span><\/h4><ul><li>le service de la programmation de la recherche ;<\/li><li>le service du suivi de l\u2019ex\u00e9cution des programmes de recherche\u00a0;<\/li><li>le service de la promotion de la recherche-d\u00e9veloppement (R &amp; D)\u00a0;<\/li><li>le service des \u00e9quipements scientifiques.<\/li><\/ul><h4><span class=\"ez-toc-section\" id=\"La_sous-direction_de_la_vulgarisation_et_de_la_valorisation_des_resultats_de_la_recherche\"><\/span>La sous-direction de la vulgarisation et de la valorisation des r\u00e9sultats de la recherche\u00a0<span class=\"ez-toc-section-end\"><\/span><\/h4><ul><li>le service de la vulgarisation et de la valorisation des r\u00e9sultats de la recherche\u00a0;<\/li><li>le service du contr\u00f4le, de la certification et de la propri\u00e9t\u00e9 intellectuelle\u00a0;<\/li><li>le service de marketing.<\/li><\/ul><h4><span class=\"ez-toc-section\" id=\"La_sous-direction_des_innovations_technologiques_des_partenariats_et_de_la_gestion_des_fonds_exterieurs_%C2%AB_Grants_office_%C2%BB_de_la_recherche\"><\/span>La sous-direction des innovations technologiques, des partenariats et de la gestion des fonds ext\u00e9rieurs (\u00ab <em>Grants office\u00a0\u00bb<\/em>) de la recherche<span class=\"ez-toc-section-end\"><\/span><\/h4><ul><li>le service de coop\u00e9ration et de promotion des partenariats\u00a0;<\/li><li>le service de gestion des fonds ext\u00e9rieurs de la recherche ;<\/li><li>le service de veille technologique\u00a0et d\u2019incubation ;<\/li><li>le service de l\u2019innovation.<\/li><\/ul><\/div>\n\t\t\t\t<\/div>\n\t\t\t\t\t\t\t<div class=\"elementor-accordion-item\">\n\t\t\t\t\t<div id=\"elementor-tab-title-6852\" class=\"elementor-tab-title\" data-tab=\"2\" role=\"button\" aria-controls=\"elementor-tab-content-6852\" aria-expanded=\"false\">\n\t\t\t\t\t\t\t\t\t\t\t\t\t<span class=\"elementor-accordion-icon elementor-accordion-icon-left\" aria-hidden=\"true\">\n\t\t\t\t\t\t\t\t\t\t\t\t\t\t\t<span class=\"elementor-accordion-icon-closed\"><svg class=\"e-font-icon-svg e-fas-caret-square-down\" viewBox=\"0 0 448 512\" xmlns=\"http:\/\/www.w3.org\/2000\/svg\"><path d=\"M448 80v352c0 26.5-21.5 48-48 48H48c-26.5 0-48-21.5-48-48V80c0-26.5 21.5-48 48-48h352c26.5 0 48 21.5 48 48zM92.5 220.5l123 123c4.7 4.7 12.3 4.7 17 0l123-123c7.6-7.6 2.2-20.5-8.5-20.5H101c-10.7 0-16.1 12.9-8.5 20.5z\"><\/path><\/svg><\/span>\n\t\t\t\t\t\t\t\t<span class=\"elementor-accordion-icon-opened\"><svg class=\"e-font-icon-svg e-fas-minus\" viewBox=\"0 0 448 512\" xmlns=\"http:\/\/www.w3.org\/2000\/svg\"><path d=\"M416 208H32c-17.67 0-32 14.33-32 32v32c0 17.67 14.33 32 32 32h384c17.67 0 32-14.33 32-32v-32c0-17.67-14.33-32-32-32z\"><\/path><\/svg><\/span>\n\t\t\t\t\t\t\t\t\t\t\t\t\t\t<\/span>\n\t\t\t\t\t\t\t\t\t\t\t\t<a class=\"elementor-accordion-title\" tabindex=\"0\">La direction des affaires administratives et financi\u00e8res<\/a>\n\t\t\t\t\t<\/div>\n\t\t\t\t\t<div id=\"elementor-tab-content-6852\" class=\"elementor-tab-content elementor-clearfix\" data-tab=\"2\" role=\"region\" aria-labelledby=\"elementor-tab-title-6852\"><h4><span class=\"ez-toc-section\" id=\"La_sous-direction_des_ressources_humaines\"><\/span>La sous-direction des ressources humaines\u00a0<span class=\"ez-toc-section-end\"><\/span><\/h4><ul><li>le service de la gestion du personnel et de la solde ;<\/li><li>le service de la formation et des stages\u00a0;<\/li><li>le service de sant\u00e9 et de s\u00e9curit\u00e9 au travail.<\/li><\/ul><h4><span class=\"ez-toc-section\" id=\"La_sous-direction_des_ressources_financieres_et_materielles\"><\/span>La sous-direction des ressources financi\u00e8res et mat\u00e9rielles<span class=\"ez-toc-section-end\"><\/span><\/h4><ul><li>le service du budget et de la comptabilit\u00e9\u00a0;<\/li><li>le service des march\u00e9s publics.<\/li><\/ul><\/div>\n\t\t\t\t<\/div>\n\t\t\t\t\t\t\t<div class=\"elementor-accordion-item\">\n\t\t\t\t\t<div id=\"elementor-tab-title-6853\" class=\"elementor-tab-title\" data-tab=\"3\" role=\"button\" aria-controls=\"elementor-tab-content-6853\" aria-expanded=\"false\">\n\t\t\t\t\t\t\t\t\t\t\t\t\t<span class=\"elementor-accordion-icon elementor-accordion-icon-left\" aria-hidden=\"true\">\n\t\t\t\t\t\t\t\t\t\t\t\t\t\t\t<span class=\"elementor-accordion-icon-closed\"><svg class=\"e-font-icon-svg e-fas-caret-square-down\" viewBox=\"0 0 448 512\" xmlns=\"http:\/\/www.w3.org\/2000\/svg\"><path d=\"M448 80v352c0 26.5-21.5 48-48 48H48c-26.5 0-48-21.5-48-48V80c0-26.5 21.5-48 48-48h352c26.5 0 48 21.5 48 48zM92.5 220.5l123 123c4.7 4.7 12.3 4.7 17 0l123-123c7.6-7.6 2.2-20.5-8.5-20.5H101c-10.7 0-16.1 12.9-8.5 20.5z\"><\/path><\/svg><\/span>\n\t\t\t\t\t\t\t\t<span class=\"elementor-accordion-icon-opened\"><svg class=\"e-font-icon-svg e-fas-minus\" viewBox=\"0 0 448 512\" xmlns=\"http:\/\/www.w3.org\/2000\/svg\"><path d=\"M416 208H32c-17.67 0-32 14.33-32 32v32c0 17.67 14.33 32 32 32h384c17.67 0 32-14.33 32-32v-32c0-17.67-14.33-32-32-32z\"><\/path><\/svg><\/span>\n\t\t\t\t\t\t\t\t\t\t\t\t\t\t<\/span>\n\t\t\t\t\t\t\t\t\t\t\t\t<a class=\"elementor-accordion-title\" tabindex=\"0\">Les structures manag\u00e9riales<\/a>\n\t\t\t\t\t<\/div>\n\t\t\t\t\t<div id=\"elementor-tab-content-6853\" class=\"elementor-tab-content elementor-clearfix\" data-tab=\"3\" role=\"region\" aria-labelledby=\"elementor-tab-title-6853\"><ul><li>la cellule de suivi-\u00e9valuation, de l\u2019audit interne et de contr\u00f4le de gestion ;<\/li><li>la cellule des affaires juridiques ;<\/li><li>la cellule informatique ;<\/li><li>le service de la communication et de la traduction ;<\/li><li>le service de l\u2019accueil, du courrier et de liaison ;<\/li><li>le service de la comptabilit\u00e9-mati\u00e8res.<\/li><\/ul><\/div>\n\t\t\t\t<\/div>\n\t\t\t\t\t\t\t\t<\/div>\n\t\t\t\t\t\t<\/div>\n\t\t\t\t<\/div>\n\t\t\t\t\t<\/div>\n\t\t<\/div>\n\t\t\t\t\t<\/div>\n\t\t<\/section>\n\t\t\t\t<\/div>\n\t\t","protected":false},"excerpt":{"rendered":"<p>Les services du si\u00e8ge La direction de la recherche, de la valorisation et de l\u2019innovation La sous-direction du d\u00e9veloppement et de l\u2019ex\u00e9cution des programmes de recherche\u00a0 le service de la programmation de la recherche ; le service du suivi de l\u2019ex\u00e9cution des programmes de recherche\u00a0; le service de la promotion de la recherche-d\u00e9veloppement (R &amp;&#8230;<\/p>\n","protected":false},"author":1,"featured_media":0,"parent":1227,"menu_order":4,"comment_status":"closed","ping_status":"closed","template":"","meta":{"_uag_custom_page_level_css":"","_kadence_starter_templates_imported_post":false,"_kad_post_transparent":"","_kad_post_title":"","_kad_post_layout":"","_kad_post_sidebar_id":"","_kad_post_content_style":"","_kad_post_vertical_padding":"","_kad_post_feature":"","_kad_post_feature_position":"","_kad_post_header":false,"_kad_post_footer":false,"_kad_post_classname":"","footnotes":""},"class_list":["post-918","page","type-page","status-publish","hentry"],"yoast_head":"<!-- This site is optimized with the Yoast SEO plugin v27.3 - https:\/\/yoast.com\/product\/yoast-seo-wordpress\/ -->\n<title>Services du si\u00e8ge - IMPM<\/title>\n<meta name=\"robots\" content=\"index, follow, max-snippet:-1, max-image-preview:large, max-video-preview:-1\" \/>\n<link rel=\"canonical\" href=\"https:\/\/impm-cm.org\/index.php\/a-propos\/services-du-siege\/\" \/>\n<meta property=\"og:locale\" content=\"fr_FR\" \/>\n<meta property=\"og:type\" content=\"article\" \/>\n<meta property=\"og:title\" content=\"Services du si\u00e8ge - IMPM\" \/>\n<meta property=\"og:description\" content=\"Les services du si\u00e8ge La direction de la recherche, de la valorisation et de l\u2019innovation La sous-direction du d\u00e9veloppement et de l\u2019ex\u00e9cution des programmes de recherche\u00a0 le service de la programmation de la recherche ; le service du suivi de l\u2019ex\u00e9cution des programmes de recherche\u00a0; le service de la promotion de la recherche-d\u00e9veloppement (R &amp;...\" \/>\n<meta property=\"og:url\" content=\"https:\/\/impm-cm.org\/index.php\/a-propos\/services-du-siege\/\" \/>\n<meta property=\"og:site_name\" content=\"IMPM\" \/>\n<meta property=\"article:modified_time\" content=\"2021-08-26T12:38:18+00:00\" \/>\n<meta name=\"twitter:card\" content=\"summary_large_image\" \/>\n<meta name=\"twitter:label1\" content=\"Dur\u00e9e de lecture estim\u00e9e\" \/>\n\t<meta name=\"twitter:data1\" content=\"2 minutes\" \/>\n<script type=\"application\/ld+json\" class=\"yoast-schema-graph\">{\"@context\":\"https:\\\/\\\/schema.org\",\"@graph\":[{\"@type\":\"WebPage\",\"@id\":\"https:\\\/\\\/impm-cm.org\\\/index.php\\\/a-propos\\\/services-du-siege\\\/\",\"url\":\"https:\\\/\\\/impm-cm.org\\\/index.php\\\/a-propos\\\/services-du-siege\\\/\",\"name\":\"Services du si\u00e8ge - IMPM\",\"isPartOf\":{\"@id\":\"https:\\\/\\\/impm-cm.org\\\/#website\"},\"datePublished\":\"2021-07-24T14:54:50+00:00\",\"dateModified\":\"2021-08-26T12:38:18+00:00\",\"breadcrumb\":{\"@id\":\"https:\\\/\\\/impm-cm.org\\\/index.php\\\/a-propos\\\/services-du-siege\\\/#breadcrumb\"},\"inLanguage\":\"fr-FR\",\"potentialAction\":[{\"@type\":\"ReadAction\",\"target\":[\"https:\\\/\\\/impm-cm.org\\\/index.php\\\/a-propos\\\/services-du-siege\\\/\"]}]},{\"@type\":\"BreadcrumbList\",\"@id\":\"https:\\\/\\\/impm-cm.org\\\/index.php\\\/a-propos\\\/services-du-siege\\\/#breadcrumb\",\"itemListElement\":[{\"@type\":\"ListItem\",\"position\":1,\"name\":\"Accueil\",\"item\":\"https:\\\/\\\/impm-cm.org\\\/\"},{\"@type\":\"ListItem\",\"position\":2,\"name\":\"A propos\",\"item\":\"https:\\\/\\\/impm-cm.org\\\/index.php\\\/a-propos\\\/\"},{\"@type\":\"ListItem\",\"position\":3,\"name\":\"Services du si\u00e8ge\"}]},{\"@type\":\"WebSite\",\"@id\":\"https:\\\/\\\/impm-cm.org\\\/#website\",\"url\":\"https:\\\/\\\/impm-cm.org\\\/\",\"name\":\"IMPM\",\"description\":\"INSTITUT DE RECHERCHES MEDICALES ET D&#039;ETUDES DES PLANTES MEDICINALES\",\"publisher\":{\"@id\":\"https:\\\/\\\/impm-cm.org\\\/#organization\"},\"potentialAction\":[{\"@type\":\"SearchAction\",\"target\":{\"@type\":\"EntryPoint\",\"urlTemplate\":\"https:\\\/\\\/impm-cm.org\\\/?s={search_term_string}\"},\"query-input\":{\"@type\":\"PropertyValueSpecification\",\"valueRequired\":true,\"valueName\":\"search_term_string\"}}],\"inLanguage\":\"fr-FR\"},{\"@type\":\"Organization\",\"@id\":\"https:\\\/\\\/impm-cm.org\\\/#organization\",\"name\":\"IMPM\",\"url\":\"https:\\\/\\\/impm-cm.org\\\/\",\"logo\":{\"@type\":\"ImageObject\",\"inLanguage\":\"fr-FR\",\"@id\":\"https:\\\/\\\/impm-cm.org\\\/#\\\/schema\\\/logo\\\/image\\\/\",\"url\":\"https:\\\/\\\/impm-cm.org\\\/wp-content\\\/uploads\\\/2021\\\/07\\\/IMPM_logo_90x98px.png\",\"contentUrl\":\"https:\\\/\\\/impm-cm.org\\\/wp-content\\\/uploads\\\/2021\\\/07\\\/IMPM_logo_90x98px.png\",\"width\":90,\"height\":98,\"caption\":\"IMPM\"},\"image\":{\"@id\":\"https:\\\/\\\/impm-cm.org\\\/#\\\/schema\\\/logo\\\/image\\\/\"}}]}<\/script>\n<!-- \/ Yoast SEO plugin. -->","yoast_head_json":{"title":"Services du si\u00e8ge - IMPM","robots":{"index":"index","follow":"follow","max-snippet":"max-snippet:-1","max-image-preview":"max-image-preview:large","max-video-preview":"max-video-preview:-1"},"canonical":"https:\/\/impm-cm.org\/index.php\/a-propos\/services-du-siege\/","og_locale":"fr_FR","og_type":"article","og_title":"Services du si\u00e8ge - IMPM","og_description":"Les services du si\u00e8ge La direction de la recherche, de la valorisation et de l\u2019innovation La sous-direction du d\u00e9veloppement et de l\u2019ex\u00e9cution des programmes de recherche\u00a0 le service de la programmation de la recherche ; le service du suivi de l\u2019ex\u00e9cution des programmes de recherche\u00a0; le service de la promotion de la recherche-d\u00e9veloppement (R &amp;...","og_url":"https:\/\/impm-cm.org\/index.php\/a-propos\/services-du-siege\/","og_site_name":"IMPM","article_modified_time":"2021-08-26T12:38:18+00:00","twitter_card":"summary_large_image","twitter_misc":{"Dur\u00e9e de lecture estim\u00e9e":"2 minutes"},"schema":{"@context":"https:\/\/schema.org","@graph":[{"@type":"WebPage","@id":"https:\/\/impm-cm.org\/index.php\/a-propos\/services-du-siege\/","url":"https:\/\/impm-cm.org\/index.php\/a-propos\/services-du-siege\/","name":"Services du si\u00e8ge - IMPM","isPartOf":{"@id":"https:\/\/impm-cm.org\/#website"},"datePublished":"2021-07-24T14:54:50+00:00","dateModified":"2021-08-26T12:38:18+00:00","breadcrumb":{"@id":"https:\/\/impm-cm.org\/index.php\/a-propos\/services-du-siege\/#breadcrumb"},"inLanguage":"fr-FR","potentialAction":[{"@type":"ReadAction","target":["https:\/\/impm-cm.org\/index.php\/a-propos\/services-du-siege\/"]}]},{"@type":"BreadcrumbList","@id":"https:\/\/impm-cm.org\/index.php\/a-propos\/services-du-siege\/#breadcrumb","itemListElement":[{"@type":"ListItem","position":1,"name":"Accueil","item":"https:\/\/impm-cm.org\/"},{"@type":"ListItem","position":2,"name":"A propos","item":"https:\/\/impm-cm.org\/index.php\/a-propos\/"},{"@type":"ListItem","position":3,"name":"Services du si\u00e8ge"}]},{"@type":"WebSite","@id":"https:\/\/impm-cm.org\/#website","url":"https:\/\/impm-cm.org\/","name":"IMPM","description":"INSTITUT DE RECHERCHES MEDICALES ET D&#039;ETUDES DES PLANTES MEDICINALES","publisher":{"@id":"https:\/\/impm-cm.org\/#organization"},"potentialAction":[{"@type":"SearchAction","target":{"@type":"EntryPoint","urlTemplate":"https:\/\/impm-cm.org\/?s={search_term_string}"},"query-input":{"@type":"PropertyValueSpecification","valueRequired":true,"valueName":"search_term_string"}}],"inLanguage":"fr-FR"},{"@type":"Organization","@id":"https:\/\/impm-cm.org\/#organization","name":"IMPM","url":"https:\/\/impm-cm.org\/","logo":{"@type":"ImageObject","inLanguage":"fr-FR","@id":"https:\/\/impm-cm.org\/#\/schema\/logo\/image\/","url":"https:\/\/impm-cm.org\/wp-content\/uploads\/2021\/07\/IMPM_logo_90x98px.png","contentUrl":"https:\/\/impm-cm.org\/wp-content\/uploads\/2021\/07\/IMPM_logo_90x98px.png","width":90,"height":98,"caption":"IMPM"},"image":{"@id":"https:\/\/impm-cm.org\/#\/schema\/logo\/image\/"}}]}},"uagb_featured_image_src":{"full":false,"thumbnail":false,"medium":false,"medium_large":false,"large":false,"1536x1536":false,"2048x2048":false,"mailpoet_newsletter_max":false},"uagb_author_info":{"display_name":"admin","author_link":"https:\/\/impm-cm.org\/index.php\/author\/meula\/"},"uagb_comment_info":0,"uagb_excerpt":"Les services du si\u00e8ge La direction de la recherche, de la valorisation et de l\u2019innovation La sous-direction du d\u00e9veloppement et de l\u2019ex\u00e9cution des programmes de recherche\u00a0 le service de la programmation de la recherche ; le service du suivi de l\u2019ex\u00e9cution des programmes de recherche\u00a0; le service de la promotion de la recherche-d\u00e9veloppement (R &amp;...","jetpack_sharing_enabled":true,"_links":{"self":[{"href":"https:\/\/impm-cm.org\/index.php\/wp-json\/wp\/v2\/pages\/918","targetHints":{"allow":["GET"]}}],"collection":[{"href":"https:\/\/impm-cm.org\/index.php\/wp-json\/wp\/v2\/pages"}],"about":[{"href":"https:\/\/impm-cm.org\/index.php\/wp-json\/wp\/v2\/types\/page"}],"author":[{"embeddable":true,"href":"https:\/\/impm-cm.org\/index.php\/wp-json\/wp\/v2\/users\/1"}],"replies":[{"embeddable":true,"href":"https:\/\/impm-cm.org\/index.php\/wp-json\/wp\/v2\/comments?post=918"}],"version-history":[{"count":0,"href":"https:\/\/impm-cm.org\/index.php\/wp-json\/wp\/v2\/pages\/918\/revisions"}],"up":[{"embeddable":true,"href":"https:\/\/impm-cm.org\/index.php\/wp-json\/wp\/v2\/pages\/1227"}],"wp:attachment":[{"href":"https:\/\/impm-cm.org\/index.php\/wp-json\/wp\/v2\/media?parent=918"}],"curies":[{"name":"wp","href":"https:\/\/api.w.org\/{rel}","templated":true}]}}