{"id":675,"date":"2021-07-20T08:00:16","date_gmt":"2021-07-20T07:00:16","guid":{"rendered":"https:\/\/impm-cm.org\/?page_id=675"},"modified":"2021-08-29T08:34:25","modified_gmt":"2021-08-29T07:34:25","slug":"cremer","status":"publish","type":"page","link":"https:\/\/impm-cm.org\/index.php\/a-propos\/structures-operationnelles-de-recherche\/cremer\/","title":{"rendered":"CREMER &#8211; Maladies \u00e9mergentes et r\u00e9\u00e9mergentes"},"content":{"rendered":"\t\t<div data-elementor-type=\"wp-page\" data-elementor-id=\"675\" class=\"elementor elementor-675\">\n\t\t\t\t\t\t<section class=\"elementor-section elementor-top-section elementor-element elementor-element-558087d9 elementor-section-full_width elementor-section-height-min-height elementor-section-items-bottom elementor-section-height-default exad-glass-effect-no exad-sticky-section-no\" data-id=\"558087d9\" data-element_type=\"section\" data-e-type=\"section\" data-settings=\"{&quot;background_background&quot;:&quot;classic&quot;}\">\n\t\t\t\t\t\t<div class=\"elementor-container elementor-column-gap-default\">\n\t\t\t\t\t<div class=\"elementor-column elementor-col-100 elementor-top-column elementor-element elementor-element-736b4f0a exad-glass-effect-no exad-sticky-section-no\" data-id=\"736b4f0a\" data-element_type=\"column\" data-e-type=\"column\">\n\t\t\t<div class=\"elementor-widget-wrap\">\n\t\t\t\t\t\t\t<\/div>\n\t\t<\/div>\n\t\t\t\t\t<\/div>\n\t\t<\/section>\n\t\t\t\t<section class=\"elementor-section elementor-top-section elementor-element elementor-element-68a57dc2 elementor-section-boxed elementor-section-height-default elementor-section-height-default exad-glass-effect-no exad-sticky-section-no\" data-id=\"68a57dc2\" data-element_type=\"section\" data-e-type=\"section\">\n\t\t\t\t\t\t<div class=\"elementor-container elementor-column-gap-default\">\n\t\t\t\t\t<div class=\"elementor-column elementor-col-100 elementor-top-column elementor-element elementor-element-43b67a2e exad-glass-effect-no exad-sticky-section-no\" data-id=\"43b67a2e\" data-element_type=\"column\" data-e-type=\"column\">\n\t\t\t<div class=\"elementor-widget-wrap elementor-element-populated\">\n\t\t\t\t\t\t<div class=\"elementor-element elementor-element-1b500ec7 exad-sticky-section-no exad-glass-effect-no elementor-widget elementor-widget-heading\" data-id=\"1b500ec7\" data-element_type=\"widget\" data-e-type=\"widget\" data-widget_type=\"heading.default\">\n\t\t\t\t<div class=\"elementor-widget-container\">\n\t\t\t\t\t<h2 class=\"elementor-heading-title elementor-size-default\">CREMER<\/h2>\t\t\t\t<\/div>\n\t\t\t\t<\/div>\n\t\t\t\t<div class=\"elementor-element elementor-element-2876844 exad-sticky-section-no exad-glass-effect-no elementor-widget elementor-widget-heading\" data-id=\"2876844\" data-element_type=\"widget\" data-e-type=\"widget\" data-widget_type=\"heading.default\">\n\t\t\t\t<div class=\"elementor-widget-container\">\n\t\t\t\t\t<h2 class=\"elementor-heading-title elementor-size-default\">CENTRE DE RECHERCHES SUR LES MALADIES EMERGENTES ET RE-EMERGENTES<\/h2>\t\t\t\t<\/div>\n\t\t\t\t<\/div>\n\t\t\t\t\t<\/div>\n\t\t<\/div>\n\t\t\t\t\t<\/div>\n\t\t<\/section>\n\t\t\t\t<section class=\"elementor-section elementor-top-section elementor-element elementor-element-5e7f5bc8 elementor-section-boxed elementor-section-height-default elementor-section-height-default exad-glass-effect-no exad-sticky-section-no\" data-id=\"5e7f5bc8\" data-element_type=\"section\" data-e-type=\"section\" data-settings=\"{&quot;background_background&quot;:&quot;classic&quot;}\">\n\t\t\t\t\t\t<div class=\"elementor-container elementor-column-gap-default\">\n\t\t\t\t\t<div class=\"elementor-column elementor-col-100 elementor-top-column elementor-element elementor-element-104ac55 exad-glass-effect-no exad-sticky-section-no\" data-id=\"104ac55\" data-element_type=\"column\" data-e-type=\"column\">\n\t\t\t<div class=\"elementor-widget-wrap elementor-element-populated\">\n\t\t\t\t\t\t<div class=\"elementor-element elementor-element-7192882f elementor-tabs-view-horizontal exad-sticky-section-no exad-glass-effect-no elementor-widget elementor-widget-tabs\" data-id=\"7192882f\" data-element_type=\"widget\" data-e-type=\"widget\" data-widget_type=\"tabs.default\">\n\t\t\t\t<div class=\"elementor-widget-container\">\n\t\t\t\t\t\t\t<div class=\"elementor-tabs\">\n\t\t\t<div class=\"elementor-tabs-wrapper\" role=\"tablist\" >\n\t\t\t\t\t\t\t\t\t<div id=\"elementor-tab-title-1901\" class=\"elementor-tab-title elementor-tab-desktop-title\" aria-selected=\"true\" data-tab=\"1\" role=\"tab\" tabindex=\"0\" aria-controls=\"elementor-tab-content-1901\" aria-expanded=\"false\">LE CENTRE<\/div>\n\t\t\t\t\t\t\t\t\t<div id=\"elementor-tab-title-1902\" class=\"elementor-tab-title elementor-tab-desktop-title\" aria-selected=\"false\" data-tab=\"2\" role=\"tab\" tabindex=\"-1\" aria-controls=\"elementor-tab-content-1902\" aria-expanded=\"false\">LES LABOS<\/div>\n\t\t\t\t\t\t\t<\/div>\n\t\t\t<div class=\"elementor-tabs-content-wrapper\" role=\"tablist\" aria-orientation=\"vertical\">\n\t\t\t\t\t\t\t\t\t<div class=\"elementor-tab-title elementor-tab-mobile-title\" aria-selected=\"true\" data-tab=\"1\" role=\"tab\" tabindex=\"0\" aria-controls=\"elementor-tab-content-1901\" aria-expanded=\"false\">LE CENTRE<\/div>\n\t\t\t\t\t<div id=\"elementor-tab-content-1901\" class=\"elementor-tab-content elementor-clearfix\" data-tab=\"1\" role=\"tabpanel\" aria-labelledby=\"elementor-tab-title-1901\" tabindex=\"0\" hidden=\"false\"><p>\t\t<div data-elementor-type=\"wp-post\" data-elementor-id=\"633\" class=\"elementor elementor-633\">\n\t\t\t\t\t\t<section class=\"elementor-section elementor-top-section elementor-element elementor-element-39a00e7 elementor-section-boxed elementor-section-height-default elementor-section-height-default exad-glass-effect-no exad-sticky-section-no\" data-id=\"39a00e7\" data-element_type=\"section\" data-e-type=\"section\">\n\t\t\t\t\t\t<div class=\"elementor-container elementor-column-gap-default\">\n\t\t\t\t\t<div class=\"elementor-column elementor-col-100 elementor-top-column elementor-element elementor-element-303494de exad-glass-effect-no exad-sticky-section-no\" data-id=\"303494de\" data-element_type=\"column\" data-e-type=\"column\">\n\t\t\t<div class=\"elementor-widget-wrap elementor-element-populated\">\n\t\t\t\t\t\t<div class=\"elementor-element elementor-element-5e72f267 exad-sticky-section-no exad-glass-effect-no elementor-widget elementor-widget-text-editor\" data-id=\"5e72f267\" data-element_type=\"widget\" data-e-type=\"widget\" data-widget_type=\"text-editor.default\">\n\t\t\t\t<div class=\"elementor-widget-container\">\n\t\t\t\t\t\t\t\t\t<p>Le centre de recherches sur les maladies \u00e9mergentes et r\u00e9-\u00e9mergentes, en abr\u00e9g\u00e9 \u00ab CREMER \u00bb est charg\u00e9 :<\/p><ul><li>de l\u2019ex\u00e9cution des recherches sur toutes les maladies \u00e9mergentes et r\u00e9-\u00e9mergentes virales\u00a0;<\/li><li>de l\u2019ex\u00e9cution des travaux de recherche permettant d\u2019approfondir les connaissances sur d\u2019autres maladies \u00e9mergentes et r\u00e9-\u00e9mergentes non virales ;<\/li><li>des \u00e9tudes sur l\u2019origine et l\u2019\u00e9mergence de nouveaux virus ;<\/li><li>des \u00e9tudes sur la diversit\u00e9 g\u00e9n\u00e9tique des virus et ses cons\u00e9quences pour le diagnostic s\u00e9rologique et virologique ;<\/li><li>de l\u2019\u00e9valuation de l\u2019efficacit\u00e9 des traitements antiviraux et des tests de r\u00e9sistance aux antiviraux\u00a0;<\/li><li>de la d\u00e9termination de la charge virale et de la quantification virale.<\/li><\/ul>\t\t\t\t\t\t\t\t<\/div>\n\t\t\t\t<\/div>\n\t\t\t\t\t<\/div>\n\t\t<\/div>\n\t\t\t\t\t<\/div>\n\t\t<\/section>\n\t\t\t\t<\/div>\n\t\t<\/p><\/div>\n\t\t\t\t\t\t\t\t\t<div class=\"elementor-tab-title elementor-tab-mobile-title\" aria-selected=\"false\" data-tab=\"2\" role=\"tab\" tabindex=\"-1\" aria-controls=\"elementor-tab-content-1902\" aria-expanded=\"false\">LES LABOS<\/div>\n\t\t\t\t\t<div id=\"elementor-tab-content-1902\" class=\"elementor-tab-content elementor-clearfix\" data-tab=\"2\" role=\"tabpanel\" aria-labelledby=\"elementor-tab-title-1902\" tabindex=\"0\" hidden=\"hidden\"><p>\t\t<div data-elementor-type=\"wp-post\" data-elementor-id=\"636\" class=\"elementor elementor-636\">\n\t\t\t\t\t\t<section class=\"elementor-section elementor-top-section elementor-element elementor-element-bc15c7d elementor-section-boxed elementor-section-height-default elementor-section-height-default exad-glass-effect-no exad-sticky-section-no\" data-id=\"bc15c7d\" data-element_type=\"section\" data-e-type=\"section\">\n\t\t\t\t\t\t<div class=\"elementor-container elementor-column-gap-default\">\n\t\t\t\t\t<div class=\"elementor-column elementor-col-100 elementor-top-column elementor-element elementor-element-ab8ed30 exad-glass-effect-no exad-sticky-section-no\" data-id=\"ab8ed30\" data-element_type=\"column\" data-e-type=\"column\">\n\t\t\t<div class=\"elementor-widget-wrap elementor-element-populated\">\n\t\t\t\t\t\t<div class=\"elementor-element elementor-element-3aeec5b exad-sticky-section-no exad-glass-effect-no elementor-widget elementor-widget-text-editor\" data-id=\"3aeec5b\" data-element_type=\"widget\" data-e-type=\"widget\" data-widget_type=\"text-editor.default\">\n\t\t\t\t<div class=\"elementor-widget-container\">\n\t\t\t\t\t\t\t\t\t<p>Le CREMER comprend\u00a0:<\/p><ul><li>le laboratoire d\u2019\u00e9tudes sur les maladies \u00e9mergentes et r\u00e9-\u00e9mergentes virales ;<\/li><li>le laboratoire de sant\u00e9 environnementale et animale\u00a0;<\/li><li>le laboratoire d\u2019\u00e9tudes sur les maladies \u00e9mergentes et r\u00e9-\u00e9mergentes non virales.<\/li><\/ul>\t\t\t\t\t\t\t\t<\/div>\n\t\t\t\t<\/div>\n\t\t\t\t\t<\/div>\n\t\t<\/div>\n\t\t\t\t\t<\/div>\n\t\t<\/section>\n\t\t\t\t<\/div>\n\t\t<\/p><\/div>\n\t\t\t\t\t\t\t<\/div>\n\t\t<\/div>\n\t\t\t\t\t\t<\/div>\n\t\t\t\t<\/div>\n\t\t\t\t\t<\/div>\n\t\t<\/div>\n\t\t\t\t\t<\/div>\n\t\t<\/section>\n\t\t\t\t<\/div>\n\t\t","protected":false},"excerpt":{"rendered":"<p>CREMER CENTRE DE RECHERCHES SUR LES MALADIES EMERGENTES ET RE-EMERGENTES LE CENTRE LES LABOS LE CENTRE Le centre de recherches sur les maladies \u00e9mergentes et r\u00e9-\u00e9mergentes, en abr\u00e9g\u00e9 \u00ab CREMER \u00bb est charg\u00e9 : de l\u2019ex\u00e9cution des recherches sur toutes les maladies \u00e9mergentes et r\u00e9-\u00e9mergentes virales\u00a0; de l\u2019ex\u00e9cution des travaux de recherche permettant d\u2019approfondir les&#8230;<\/p>\n","protected":false},"author":1,"featured_media":0,"parent":170,"menu_order":2,"comment_status":"closed","ping_status":"closed","template":"elementor_canvas","meta":{"_uag_custom_page_level_css":"","_kadence_starter_templates_imported_post":false,"_kad_post_transparent":"","_kad_post_title":"","_kad_post_layout":"","_kad_post_sidebar_id":"","_kad_post_content_style":"","_kad_post_vertical_padding":"","_kad_post_feature":"","_kad_post_feature_position":"","_kad_post_header":false,"_kad_post_footer":false,"_kad_post_classname":"","footnotes":""},"class_list":["post-675","page","type-page","status-publish","hentry"],"yoast_head":"<!-- This site is optimized with the Yoast SEO plugin v27.3 - https:\/\/yoast.com\/product\/yoast-seo-wordpress\/ -->\n<title>CREMER - Maladies \u00e9mergentes et r\u00e9\u00e9mergentes - IMPM<\/title>\n<meta name=\"robots\" content=\"index, follow, max-snippet:-1, max-image-preview:large, max-video-preview:-1\" \/>\n<link rel=\"canonical\" href=\"https:\/\/impm-cm.org\/index.php\/a-propos\/structures-operationnelles-de-recherche\/cremer\/\" \/>\n<meta property=\"og:locale\" content=\"fr_FR\" \/>\n<meta property=\"og:type\" content=\"article\" \/>\n<meta property=\"og:title\" content=\"CREMER - Maladies \u00e9mergentes et r\u00e9\u00e9mergentes - IMPM\" \/>\n<meta property=\"og:description\" content=\"CREMER CENTRE DE RECHERCHES SUR LES MALADIES EMERGENTES ET RE-EMERGENTES LE CENTRE LES LABOS LE CENTRE Le centre de recherches sur les maladies \u00e9mergentes et r\u00e9-\u00e9mergentes, en abr\u00e9g\u00e9 \u00ab CREMER \u00bb est charg\u00e9 : de l\u2019ex\u00e9cution des recherches sur toutes les maladies \u00e9mergentes et r\u00e9-\u00e9mergentes virales\u00a0; de l\u2019ex\u00e9cution des travaux de recherche permettant d\u2019approfondir les...\" \/>\n<meta property=\"og:url\" content=\"https:\/\/impm-cm.org\/index.php\/a-propos\/structures-operationnelles-de-recherche\/cremer\/\" \/>\n<meta property=\"og:site_name\" content=\"IMPM\" \/>\n<meta property=\"article:modified_time\" content=\"2021-08-29T07:34:25+00:00\" \/>\n<meta property=\"og:image\" content=\"https:\/\/impm-cm.org\/wp-content\/uploads\/2021\/07\/labo-CREMER-serologie.jpg\" \/>\n<meta name=\"twitter:card\" content=\"summary_large_image\" \/>\n<meta name=\"twitter:label1\" content=\"Dur\u00e9e de lecture estim\u00e9e\" \/>\n\t<meta name=\"twitter:data1\" content=\"6 minutes\" \/>\n<script type=\"application\/ld+json\" class=\"yoast-schema-graph\">{\"@context\":\"https:\\\/\\\/schema.org\",\"@graph\":[{\"@type\":\"WebPage\",\"@id\":\"https:\\\/\\\/impm-cm.org\\\/index.php\\\/a-propos\\\/structures-operationnelles-de-recherche\\\/cremer\\\/\",\"url\":\"https:\\\/\\\/impm-cm.org\\\/index.php\\\/a-propos\\\/structures-operationnelles-de-recherche\\\/cremer\\\/\",\"name\":\"CREMER - Maladies \u00e9mergentes et r\u00e9\u00e9mergentes - IMPM\",\"isPartOf\":{\"@id\":\"https:\\\/\\\/impm-cm.org\\\/#website\"},\"primaryImageOfPage\":{\"@id\":\"https:\\\/\\\/impm-cm.org\\\/index.php\\\/a-propos\\\/structures-operationnelles-de-recherche\\\/cremer\\\/#primaryimage\"},\"image\":{\"@id\":\"https:\\\/\\\/impm-cm.org\\\/index.php\\\/a-propos\\\/structures-operationnelles-de-recherche\\\/cremer\\\/#primaryimage\"},\"thumbnailUrl\":\"https:\\\/\\\/impm-cm.org\\\/wp-content\\\/uploads\\\/2021\\\/07\\\/labo-CREMER-serologie.jpg\",\"datePublished\":\"2021-07-20T07:00:16+00:00\",\"dateModified\":\"2021-08-29T07:34:25+00:00\",\"breadcrumb\":{\"@id\":\"https:\\\/\\\/impm-cm.org\\\/index.php\\\/a-propos\\\/structures-operationnelles-de-recherche\\\/cremer\\\/#breadcrumb\"},\"inLanguage\":\"fr-FR\",\"potentialAction\":[{\"@type\":\"ReadAction\",\"target\":[\"https:\\\/\\\/impm-cm.org\\\/index.php\\\/a-propos\\\/structures-operationnelles-de-recherche\\\/cremer\\\/\"]}]},{\"@type\":\"ImageObject\",\"inLanguage\":\"fr-FR\",\"@id\":\"https:\\\/\\\/impm-cm.org\\\/index.php\\\/a-propos\\\/structures-operationnelles-de-recherche\\\/cremer\\\/#primaryimage\",\"url\":\"https:\\\/\\\/impm-cm.org\\\/wp-content\\\/uploads\\\/2021\\\/07\\\/labo-CREMER-serologie.jpg\",\"contentUrl\":\"https:\\\/\\\/impm-cm.org\\\/wp-content\\\/uploads\\\/2021\\\/07\\\/labo-CREMER-serologie.jpg\",\"width\":640,\"height\":480,\"caption\":\"Unit\u00e9-s\u00e9rologie-CREMER-IMPM\"},{\"@type\":\"BreadcrumbList\",\"@id\":\"https:\\\/\\\/impm-cm.org\\\/index.php\\\/a-propos\\\/structures-operationnelles-de-recherche\\\/cremer\\\/#breadcrumb\",\"itemListElement\":[{\"@type\":\"ListItem\",\"position\":1,\"name\":\"Accueil\",\"item\":\"https:\\\/\\\/impm-cm.org\\\/\"},{\"@type\":\"ListItem\",\"position\":2,\"name\":\"A propos\",\"item\":\"https:\\\/\\\/impm-cm.org\\\/index.php\\\/a-propos\\\/\"},{\"@type\":\"ListItem\",\"position\":3,\"name\":\"Structures op\u00e9rationnelles de recherche\",\"item\":\"https:\\\/\\\/impm-cm.org\\\/index.php\\\/a-propos\\\/structures-operationnelles-de-recherche\\\/\"},{\"@type\":\"ListItem\",\"position\":4,\"name\":\"CREMER &#8211; Maladies \u00e9mergentes et r\u00e9\u00e9mergentes\"}]},{\"@type\":\"WebSite\",\"@id\":\"https:\\\/\\\/impm-cm.org\\\/#website\",\"url\":\"https:\\\/\\\/impm-cm.org\\\/\",\"name\":\"IMPM\",\"description\":\"INSTITUT DE RECHERCHES MEDICALES ET D&#039;ETUDES DES PLANTES MEDICINALES\",\"publisher\":{\"@id\":\"https:\\\/\\\/impm-cm.org\\\/#organization\"},\"potentialAction\":[{\"@type\":\"SearchAction\",\"target\":{\"@type\":\"EntryPoint\",\"urlTemplate\":\"https:\\\/\\\/impm-cm.org\\\/?s={search_term_string}\"},\"query-input\":{\"@type\":\"PropertyValueSpecification\",\"valueRequired\":true,\"valueName\":\"search_term_string\"}}],\"inLanguage\":\"fr-FR\"},{\"@type\":\"Organization\",\"@id\":\"https:\\\/\\\/impm-cm.org\\\/#organization\",\"name\":\"IMPM\",\"url\":\"https:\\\/\\\/impm-cm.org\\\/\",\"logo\":{\"@type\":\"ImageObject\",\"inLanguage\":\"fr-FR\",\"@id\":\"https:\\\/\\\/impm-cm.org\\\/#\\\/schema\\\/logo\\\/image\\\/\",\"url\":\"https:\\\/\\\/impm-cm.org\\\/wp-content\\\/uploads\\\/2021\\\/07\\\/IMPM_logo_90x98px.png\",\"contentUrl\":\"https:\\\/\\\/impm-cm.org\\\/wp-content\\\/uploads\\\/2021\\\/07\\\/IMPM_logo_90x98px.png\",\"width\":90,\"height\":98,\"caption\":\"IMPM\"},\"image\":{\"@id\":\"https:\\\/\\\/impm-cm.org\\\/#\\\/schema\\\/logo\\\/image\\\/\"}}]}<\/script>\n<!-- \/ Yoast SEO plugin. -->","yoast_head_json":{"title":"CREMER - Maladies \u00e9mergentes et r\u00e9\u00e9mergentes - IMPM","robots":{"index":"index","follow":"follow","max-snippet":"max-snippet:-1","max-image-preview":"max-image-preview:large","max-video-preview":"max-video-preview:-1"},"canonical":"https:\/\/impm-cm.org\/index.php\/a-propos\/structures-operationnelles-de-recherche\/cremer\/","og_locale":"fr_FR","og_type":"article","og_title":"CREMER - Maladies \u00e9mergentes et r\u00e9\u00e9mergentes - IMPM","og_description":"CREMER CENTRE DE RECHERCHES SUR LES MALADIES EMERGENTES ET RE-EMERGENTES LE CENTRE LES LABOS LE CENTRE Le centre de recherches sur les maladies \u00e9mergentes et r\u00e9-\u00e9mergentes, en abr\u00e9g\u00e9 \u00ab CREMER \u00bb est charg\u00e9 : de l\u2019ex\u00e9cution des recherches sur toutes les maladies \u00e9mergentes et r\u00e9-\u00e9mergentes virales\u00a0; de l\u2019ex\u00e9cution des travaux de recherche permettant d\u2019approfondir les...","og_url":"https:\/\/impm-cm.org\/index.php\/a-propos\/structures-operationnelles-de-recherche\/cremer\/","og_site_name":"IMPM","article_modified_time":"2021-08-29T07:34:25+00:00","og_image":[{"url":"https:\/\/impm-cm.org\/wp-content\/uploads\/2021\/07\/labo-CREMER-serologie.jpg","type":"","width":"","height":""}],"twitter_card":"summary_large_image","twitter_misc":{"Dur\u00e9e de lecture estim\u00e9e":"6 minutes"},"schema":{"@context":"https:\/\/schema.org","@graph":[{"@type":"WebPage","@id":"https:\/\/impm-cm.org\/index.php\/a-propos\/structures-operationnelles-de-recherche\/cremer\/","url":"https:\/\/impm-cm.org\/index.php\/a-propos\/structures-operationnelles-de-recherche\/cremer\/","name":"CREMER - Maladies \u00e9mergentes et r\u00e9\u00e9mergentes - IMPM","isPartOf":{"@id":"https:\/\/impm-cm.org\/#website"},"primaryImageOfPage":{"@id":"https:\/\/impm-cm.org\/index.php\/a-propos\/structures-operationnelles-de-recherche\/cremer\/#primaryimage"},"image":{"@id":"https:\/\/impm-cm.org\/index.php\/a-propos\/structures-operationnelles-de-recherche\/cremer\/#primaryimage"},"thumbnailUrl":"https:\/\/impm-cm.org\/wp-content\/uploads\/2021\/07\/labo-CREMER-serologie.jpg","datePublished":"2021-07-20T07:00:16+00:00","dateModified":"2021-08-29T07:34:25+00:00","breadcrumb":{"@id":"https:\/\/impm-cm.org\/index.php\/a-propos\/structures-operationnelles-de-recherche\/cremer\/#breadcrumb"},"inLanguage":"fr-FR","potentialAction":[{"@type":"ReadAction","target":["https:\/\/impm-cm.org\/index.php\/a-propos\/structures-operationnelles-de-recherche\/cremer\/"]}]},{"@type":"ImageObject","inLanguage":"fr-FR","@id":"https:\/\/impm-cm.org\/index.php\/a-propos\/structures-operationnelles-de-recherche\/cremer\/#primaryimage","url":"https:\/\/impm-cm.org\/wp-content\/uploads\/2021\/07\/labo-CREMER-serologie.jpg","contentUrl":"https:\/\/impm-cm.org\/wp-content\/uploads\/2021\/07\/labo-CREMER-serologie.jpg","width":640,"height":480,"caption":"Unit\u00e9-s\u00e9rologie-CREMER-IMPM"},{"@type":"BreadcrumbList","@id":"https:\/\/impm-cm.org\/index.php\/a-propos\/structures-operationnelles-de-recherche\/cremer\/#breadcrumb","itemListElement":[{"@type":"ListItem","position":1,"name":"Accueil","item":"https:\/\/impm-cm.org\/"},{"@type":"ListItem","position":2,"name":"A propos","item":"https:\/\/impm-cm.org\/index.php\/a-propos\/"},{"@type":"ListItem","position":3,"name":"Structures op\u00e9rationnelles de recherche","item":"https:\/\/impm-cm.org\/index.php\/a-propos\/structures-operationnelles-de-recherche\/"},{"@type":"ListItem","position":4,"name":"CREMER &#8211; Maladies \u00e9mergentes et r\u00e9\u00e9mergentes"}]},{"@type":"WebSite","@id":"https:\/\/impm-cm.org\/#website","url":"https:\/\/impm-cm.org\/","name":"IMPM","description":"INSTITUT DE RECHERCHES MEDICALES ET D&#039;ETUDES DES PLANTES MEDICINALES","publisher":{"@id":"https:\/\/impm-cm.org\/#organization"},"potentialAction":[{"@type":"SearchAction","target":{"@type":"EntryPoint","urlTemplate":"https:\/\/impm-cm.org\/?s={search_term_string}"},"query-input":{"@type":"PropertyValueSpecification","valueRequired":true,"valueName":"search_term_string"}}],"inLanguage":"fr-FR"},{"@type":"Organization","@id":"https:\/\/impm-cm.org\/#organization","name":"IMPM","url":"https:\/\/impm-cm.org\/","logo":{"@type":"ImageObject","inLanguage":"fr-FR","@id":"https:\/\/impm-cm.org\/#\/schema\/logo\/image\/","url":"https:\/\/impm-cm.org\/wp-content\/uploads\/2021\/07\/IMPM_logo_90x98px.png","contentUrl":"https:\/\/impm-cm.org\/wp-content\/uploads\/2021\/07\/IMPM_logo_90x98px.png","width":90,"height":98,"caption":"IMPM"},"image":{"@id":"https:\/\/impm-cm.org\/#\/schema\/logo\/image\/"}}]}},"uagb_featured_image_src":{"full":false,"thumbnail":false,"medium":false,"medium_large":false,"large":false,"1536x1536":false,"2048x2048":false,"mailpoet_newsletter_max":false},"uagb_author_info":{"display_name":"admin","author_link":"https:\/\/impm-cm.org\/index.php\/author\/meula\/"},"uagb_comment_info":0,"uagb_excerpt":"CREMER CENTRE DE RECHERCHES SUR LES MALADIES EMERGENTES ET RE-EMERGENTES LE CENTRE LES LABOS LE CENTRE Le centre de recherches sur les maladies \u00e9mergentes et r\u00e9-\u00e9mergentes, en abr\u00e9g\u00e9 \u00ab CREMER \u00bb est charg\u00e9 : de l\u2019ex\u00e9cution des recherches sur toutes les maladies \u00e9mergentes et r\u00e9-\u00e9mergentes virales\u00a0; de l\u2019ex\u00e9cution des travaux de recherche permettant d\u2019approfondir les...","jetpack_sharing_enabled":true,"_links":{"self":[{"href":"https:\/\/impm-cm.org\/index.php\/wp-json\/wp\/v2\/pages\/675","targetHints":{"allow":["GET"]}}],"collection":[{"href":"https:\/\/impm-cm.org\/index.php\/wp-json\/wp\/v2\/pages"}],"about":[{"href":"https:\/\/impm-cm.org\/index.php\/wp-json\/wp\/v2\/types\/page"}],"author":[{"embeddable":true,"href":"https:\/\/impm-cm.org\/index.php\/wp-json\/wp\/v2\/users\/1"}],"replies":[{"embeddable":true,"href":"https:\/\/impm-cm.org\/index.php\/wp-json\/wp\/v2\/comments?post=675"}],"version-history":[{"count":0,"href":"https:\/\/impm-cm.org\/index.php\/wp-json\/wp\/v2\/pages\/675\/revisions"}],"up":[{"embeddable":true,"href":"https:\/\/impm-cm.org\/index.php\/wp-json\/wp\/v2\/pages\/170"}],"wp:attachment":[{"href":"https:\/\/impm-cm.org\/index.php\/wp-json\/wp\/v2\/media?parent=675"}],"curies":[{"name":"wp","href":"https:\/\/api.w.org\/{rel}","templated":true}]}}